{"id":2,"date":"2009-03-13T18:35:42","date_gmt":"2009-03-13T17:35:42","guid":{"rendered":"http:\/\/galaxy21.net\/wp\/?page_id=2"},"modified":"2017-08-16T20:34:48","modified_gmt":"2017-08-16T19:34:48","slug":"impressum","status":"publish","type":"page","link":"https:\/\/galaxy21.net\/de\/impressum\/","title":{"rendered":"Kontakt"},"content":{"rendered":"<p>Galaxy21.net ist eine private Webseite. Du kannst die hier ver\u00f6ffentlichten Fotos f\u00fcr private Zwecke nutzen. Dies beinhaltet das auch Herunterladen und auch das Ausdrucken der Fotos f\u00fcr dich und deine Familie und Freunde.<\/p>\n<p>Nicht gestattet ist das Ver\u00f6ffentlichen (hochladen) der Fotos auf anderen Plattformen\/Medien ohne Genehmigung. Das schlie\u00dft auch das Hochladen auf Social Media Plattformen wie Facebook, Twitter und andern ein (Verlinkung auf die Blog-Seiten ist nat\u00fcrlich gestattet und gew\u00fcnscht). Wenn du meine Fotos Ver\u00f6ffentlichen oder gewerblich nutzen m\u00f6chtest, kontaktiere mich bitte per E-Mail und schreib mir, wo und wie du die Fotos verwenden m\u00f6chtest.<\/p>\n<p>Vielen Dank und viel Freude beim Anschauen der Fotos.<\/p>\n<h2 class=\"gtfy-1 gtfy-2\">Kontakt<\/h2>\n<p><strong>Wenn Du Interesse an den Fotos hast, sende mir eine E-Mail an:<\/strong><br \/>\ntom [\u00e4t] galaxy21.net<\/p>\n<p><strong>E-Mail bei Administrativen Themen:<\/strong><br \/>\nwebmaster [\u00e4t] galaxy21.net<\/p>\n<h2>Haftungsausschluss:<\/h2>\n<p><strong>Haftung f\u00fcr Inhalte<\/strong><br \/>\nAls Diensteanbieter sind wir gem\u00e4\u00df \u00a7 7 Abs.1 TMG f\u00fcr eigene Inhalte auf diesen Seiten nach den allgemeinen Gesetzen verantwortlich. Nach \u00a7\u00a7 8 bis 10 TMG sind wir als Diensteanbieter jedoch nicht verpflichtet, \u00fcbermittelte oder gespeicherte fremde Informationen zu \u00fcberwachen oder nach Umst\u00e4nden zu forschen, die auf eine rechtswidrige T\u00e4tigkeit hinweisen.<br \/>\nVerpflichtungen zur Entfernung oder Sperrung der Nutzung von Informationen nach den allgemeinen Gesetzen bleiben hiervon unber\u00fchrt. Eine diesbez\u00fcgliche Haftung ist jedoch erst ab dem Zeitpunkt der Kenntnis einer konkreten Rechtsverletzung m\u00f6glich. Bei Bekanntwerden von entsprechenden Rechtsverletzungen werden wir diese Inhalte umgehend entfernen.<\/p>\n<p><strong>Haftung f\u00fcr Links<\/strong><br \/>\nUnser Angebot enth\u00e4lt Links zu externen Webseiten Dritter, auf deren Inhalte wir keinen Einfluss haben. Deshalb k\u00f6nnen wir f\u00fcr diese fremden Inhalte auch keine Gew\u00e4hr \u00fcbernehmen. F\u00fcr die Inhalte der verlinkten Seiten ist stets der jeweilige Anbieter oder Betreiber der Seiten verantwortlich. Die verlinkten Seiten wurden zum Zeitpunkt der Verlinkung auf m\u00f6gliche Rechtsverst\u00f6\u00dfe \u00fcberpr\u00fcft. Rechtswidrige Inhalte waren zum Zeitpunkt der Verlinkung nicht erkennbar.<br \/>\nEine permanente inhaltliche Kontrolle der verlinkten Seiten ist jedoch ohne konkrete Anhaltspunkte einer Rechtsverletzung nicht zumutbar. Bei Bekanntwerden von Rechtsverletzungen werden wir derartige Links umgehend entfernen.<\/p>\n<p><strong>Urheberrecht<\/strong><br \/>\nDie durch die Seitenbetreiber erstellten Inhalte und Werke auf diesen Seiten unterliegen dem deutschen Urheberrecht. Die Vervielf\u00e4ltigung, Bearbeitung, Verbreitung und jede Art der Verwertung au\u00dferhalb der Grenzen des Urheberrechtes bed\u00fcrfen der schriftlichen Zustimmung des jeweiligen Autors bzw. Erstellers. Downloads und Kopien dieser Seite sind nur f\u00fcr den privaten, nicht kommerziellen Gebrauch gestattet.<br \/>\nSoweit die Inhalte auf dieser Seite nicht vom Betreiber erstellt wurden, werden die Urheberrechte Dritter beachtet. Insbesondere werden Inhalte Dritter als solche gekennzeichnet. Sollten Sie trotzdem auf eine Urheberrechtsverletzung aufmerksam werden, bitten wir um einen entsprechenden Hinweis. Bei Bekanntwerden von Rechtsverletzungen werden wir derartige Inhalte umgehend entfernen.<\/p>\n<p><strong>Datenschutz<\/strong><br \/>\nDie Nutzung unserer Webseite ist in der Regel ohne Angabe personenbezogener Daten m\u00f6glich. Soweit auf unseren Seiten personenbezogene Daten (beispielsweise Name, Anschrift oder eMail-Adressen) erhoben werden, erfolgt dies, soweit m\u00f6glich, stets auf freiwilliger Basis. Diese Daten werden ohne Ihre ausdr\u00fcckliche Zustimmung nicht an Dritte weitergegeben.<\/p>\n<p>Wir weisen darauf hin, dass die Daten\u00fcbertragung im Internet (z.B. bei der Kommunikation per E-Mail) Sicherheitsl\u00fccken aufweisen kann. Ein l\u00fcckenloser Schutz der Daten vor dem Zugriff durch Dritte ist nicht m\u00f6glich.<\/p>\n<p><i>Quellverweis: <a href=\"https:\/\/www.e-recht24.de\">eRecht24<\/a><\/i><\/p>\n","protected":false},"excerpt":{"rendered":"<p>Galaxy21.net ist eine private Webseite. Du kannst die hier ver\u00f6ffentlichten Fotos f\u00fcr private Zwecke nutzen.&#8230;<\/p>\n<div class=\"more-link-wrapper\"><a class=\"more-link\" href=\"https:\/\/galaxy21.net\/de\/impressum\/\">Beitrag lesen<span class=\"screen-reader-text\">Kontakt<\/span><\/a><\/div>\n","protected":false},"author":2,"featured_media":0,"parent":0,"menu_order":5,"comment_status":"closed","ping_status":"closed","template":"","meta":{"ngg_post_thumbnail":0,"footnotes":""},"class_list":["post-2","page","type-page","status-publish","hentry","excerpt","zoom","full-without-featured","even","excerpt-0"],"_links":{"self":[{"href":"https:\/\/galaxy21.net\/de\/wp-json\/wp\/v2\/pages\/2","targetHints":{"allow":["GET"]}}],"collection":[{"href":"https:\/\/galaxy21.net\/de\/wp-json\/wp\/v2\/pages"}],"about":[{"href":"https:\/\/galaxy21.net\/de\/wp-json\/wp\/v2\/types\/page"}],"author":[{"embeddable":true,"href":"https:\/\/galaxy21.net\/de\/wp-json\/wp\/v2\/users\/2"}],"replies":[{"embeddable":true,"href":"https:\/\/galaxy21.net\/de\/wp-json\/wp\/v2\/comments?post=2"}],"version-history":[{"count":13,"href":"https:\/\/galaxy21.net\/de\/wp-json\/wp\/v2\/pages\/2\/revisions"}],"predecessor-version":[{"id":1230,"href":"https:\/\/galaxy21.net\/de\/wp-json\/wp\/v2\/pages\/2\/revisions\/1230"}],"wp:attachment":[{"href":"https:\/\/galaxy21.net\/de\/wp-json\/wp\/v2\/media?parent=2"}],"curies":[{"name":"wp","href":"https:\/\/api.w.org\/{rel}","templated":true}]}}